{"id":625,"date":"2017-04-05T15:47:37","date_gmt":"2017-04-05T13:47:37","guid":{"rendered":"https:\/\/staging.centralinoincloud.it\/?page_id=625"},"modified":"2019-11-26T14:12:07","modified_gmt":"2019-11-26T13:12:07","slug":"easy-setup","status":"publish","type":"page","link":"https:\/\/staging.centralinoincloud.it\/?page_id=625","title":{"rendered":"Easy Setup"},"content":{"rendered":"<div class=\"fusion-fullwidth fullwidth-box fusion-builder-row-1 nonhundred-percent-fullwidth non-hundred-percent-height-scrolling\" style=\"--awb-border-radius-top-left:0px;--awb-border-radius-top-right:0px;--awb-border-radius-bottom-right:0px;--awb-border-radius-bottom-left:0px;--awb-flex-wrap:wrap;\" ><div class=\"fusion-builder-row fusion-row\"><div class=\"fusion-layout-column fusion_builder_column fusion-builder-column-0 fusion_builder_column_1_1 1_1 fusion-one-full fusion-column-first fusion-column-last\" style=\"--awb-bg-size:cover;\"><div class=\"fusion-column-wrapper fusion-flex-column-wrapper-legacy\"><div class=\"fusion-text fusion-text-1\"><h1 class=\"titolo\" style=\"text-align: center;\"><strong>Easy Setup<\/strong><\/h1>\n<\/div><div class=\"fusion-text fusion-text-2\"><p class=\"bigger\">Configurare un Sistema telefonico non \u00e8 necessariamente difficile. VIS 5.4 PRO \u2013 \u00a0Centralino in cloud, come top Voip provider, rende il tutto pi\u00f9 semplice e garantisce la qualit\u00e0 al prezzo pi\u00f9 basso. E se avete domande, il nostro supporto tecnico e quello commerciale, sono a vostra disposizione.<\/p>\n<\/div><div class=\"fusion-text fusion-text-3\"><h3 class=\"bigger\" style=\"text-align: center;\"><strong>COLLEGAMENTO SEMPLICE E VELOCE<\/strong><\/h3>\n<\/div><div class=\"fusion-sep-clear\"><\/div><div class=\"fusion-separator fusion-full-width-sep\" style=\"margin-left: auto;margin-right: auto;margin-top:20px;margin-bottom:20px;width:100%;\"><\/div><div class=\"fusion-sep-clear\"><\/div><div class=\"fusion-image-element fusion-image-align-center in-legacy-container\" style=\"text-align:center;--awb-caption-title-font-family:var(--h2_typography-font-family);--awb-caption-title-font-weight:var(--h2_typography-font-weight);--awb-caption-title-font-style:var(--h2_typography-font-style);--awb-caption-title-size:var(--h2_typography-font-size);--awb-caption-title-transform:var(--h2_typography-text-transform);--awb-caption-title-line-height:var(--h2_typography-line-height);--awb-caption-title-letter-spacing:var(--h2_typography-letter-spacing);\"><div class=\"imageframe-align-center\"><span class=\" fusion-imageframe imageframe-none imageframe-1 hover-type-none\"><img decoding=\"async\" width=\"920\" height=\"188\" alt=\"easy setup\" title=\"Centralino in cloud-VIS-4.0-easy_3\" src=\"https:\/\/staging.centralinoincloud.it\/wp-content\/uploads\/2019\/11\/Centralinoincloud-VIS-4.0-easy_3.png\" class=\"img-responsive wp-image-1903\" srcset=\"https:\/\/staging.centralinoincloud.it\/wp-content\/uploads\/2019\/11\/Centralinoincloud-VIS-4.0-easy_3-200x41.png 200w, https:\/\/staging.centralinoincloud.it\/wp-content\/uploads\/2019\/11\/Centralinoincloud-VIS-4.0-easy_3-400x82.png 400w, https:\/\/staging.centralinoincloud.it\/wp-content\/uploads\/2019\/11\/Centralinoincloud-VIS-4.0-easy_3-600x123.png 600w, https:\/\/staging.centralinoincloud.it\/wp-content\/uploads\/2019\/11\/Centralinoincloud-VIS-4.0-easy_3-800x163.png 800w, https:\/\/staging.centralinoincloud.it\/wp-content\/uploads\/2019\/11\/Centralinoincloud-VIS-4.0-easy_3.png 920w\" sizes=\"(max-width: 800px) 100vw, 920px\" \/><\/span><\/div><\/div><div class=\"fusion-sep-clear\"><\/div><div class=\"fusion-separator fusion-full-width-sep\" style=\"margin-left: auto;margin-right: auto;margin-top:20px;margin-bottom:20px;width:100%;\"><\/div><div class=\"fusion-sep-clear\"><\/div><div class=\"fusion-text fusion-text-4\"><p>Con VIS l\u2019installazione \u00e8 rapida ed indolore. Tutto ci\u00f2 che dovrete fare, sar\u00e0 aggiungere i telefoni. Se usate i nostri telefoni Cisco, dovrete semplicemente collegarli alla vostra connessione LAN \u2013 sono preconfigurati affinch\u00e8 si auto-impostino una volta connessi. Sar\u00e0 necessario verificare che i vostri cavi di rete siano almeno in Cat5E e collegarli secondo lo schema fornito con l\u2019installazione.<br \/>\nLa nostra soluzione \u00e8 completa di router, switch e telefoni. Se disponete gi\u00e0 di queste apparecchiature e non volete acquistarne di nuove, verificate la nostra lista di Compatibilit\u00e0 Hardware.<\/p>\n<\/div><div class=\"fusion-sep-clear\"><\/div><div class=\"fusion-separator fusion-full-width-sep\" style=\"margin-left: auto;margin-right: auto;margin-top:20px;margin-bottom:20px;width:100%;\"><\/div><div class=\"fusion-sep-clear\"><\/div><div class=\"fusion-image-element fusion-image-align-center in-legacy-container\" style=\"text-align:center;--awb-caption-title-font-family:var(--h2_typography-font-family);--awb-caption-title-font-weight:var(--h2_typography-font-weight);--awb-caption-title-font-style:var(--h2_typography-font-style);--awb-caption-title-size:var(--h2_typography-font-size);--awb-caption-title-transform:var(--h2_typography-text-transform);--awb-caption-title-line-height:var(--h2_typography-line-height);--awb-caption-title-letter-spacing:var(--h2_typography-letter-spacing);\"><div class=\"imageframe-align-center\"><span class=\" fusion-imageframe imageframe-none imageframe-2 hover-type-none\"><img decoding=\"async\" width=\"1039\" height=\"446\" alt=\"Centralino in Cloud installazione telefoni\" title=\"Centralino in cloud-VIS-4.0_installazione\" src=\"https:\/\/staging.centralinoincloud.it\/wp-content\/uploads\/2019\/11\/Centralinoincloud-VIS-4.0_installazione.png\" class=\"img-responsive wp-image-1904\" srcset=\"https:\/\/staging.centralinoincloud.it\/wp-content\/uploads\/2019\/11\/Centralinoincloud-VIS-4.0_installazione-200x86.png 200w, https:\/\/staging.centralinoincloud.it\/wp-content\/uploads\/2019\/11\/Centralinoincloud-VIS-4.0_installazione-400x172.png 400w, https:\/\/staging.centralinoincloud.it\/wp-content\/uploads\/2019\/11\/Centralinoincloud-VIS-4.0_installazione-600x258.png 600w, https:\/\/staging.centralinoincloud.it\/wp-content\/uploads\/2019\/11\/Centralinoincloud-VIS-4.0_installazione-800x343.png 800w, https:\/\/staging.centralinoincloud.it\/wp-content\/uploads\/2019\/11\/Centralinoincloud-VIS-4.0_installazione.png 1039w\" sizes=\"(max-width: 800px) 100vw, 1039px\" \/><\/span><\/div><\/div><div class=\"fusion-sep-clear\"><\/div><div class=\"fusion-separator fusion-full-width-sep\" style=\"margin-left: auto;margin-right: auto;margin-top:20px;margin-bottom:20px;width:100%;\"><\/div><div class=\"fusion-sep-clear\"><\/div><div class=\"fusion-text fusion-text-5\"><p class=\"bigger\"><a href=\"https:\/\/staging.centralinoincloud.it\/wp-content\/uploads\/2017\/04\/VIS-4.0-KIT-prima-installazione.png\" target=\"_blank\" rel=\"noopener noreferrer\">Schema di collegamento completo<\/a><\/p>\n<p class=\"bigger\">VIS offre caratteristiche avanzate e facilmente configurabili, quindi potrete modificare il funzionamento del sistema a vostro piacere, per soddisfare le vostre esigenze. Noi vi aiutiamo a gestire il sistema telefonico VoIP da qualsiasi browser web, attraverso l\u2019uso della nostra interfaccia intuitiva ed il nostro sistema di supporto.<\/p>\n<\/div><div class=\"fusion-clearfix\"><\/div><\/div><\/div><\/div><\/div>\n","protected":false},"excerpt":{"rendered":"","protected":false},"author":1,"featured_media":0,"parent":0,"menu_order":0,"comment_status":"closed","ping_status":"closed","template":"","meta":{"footnotes":""},"class_list":["post-625","page","type-page","status-publish","hentry"],"yoast_head":"<!-- This site is optimized with the Yoast SEO Premium plugin v14.9 - https:\/\/yoast.com\/wordpress\/plugins\/seo\/ -->\n<title>Easy Setup - Centralino in Cloud 2000Net<\/title>\n<meta name=\"description\" content=\"Configurare un Sistema telefonico non \u00e8 necessariamente difficile. VIS 5.4 PRO Centralino in cloud, come top Voip provider, rende il tutto pi\u00f9 easy\" \/>\n<meta name=\"robots\" content=\"index, follow, max-snippet:-1, max-image-preview:large, max-video-preview:-1\" \/>\n<link rel=\"canonical\" href=\"https:\/\/staging.centralinoincloud.it\/easy-setup\/\" \/>\n<meta property=\"og:locale\" content=\"it_IT\" \/>\n<meta property=\"og:type\" content=\"article\" \/>\n<meta property=\"og:title\" content=\"Easy Setup - VIS Voip Innovation Solution\" \/>\n<meta property=\"og:description\" content=\"Configurare un Sistema telefonico non \u00e8 necessariamente difficile. VIS 5.4 PRO Centralino in cloud, come top Voip provider, rende il tutto pi\u00f9 easy\" \/>\n<meta property=\"og:url\" content=\"https:\/\/staging.centralinoincloud.it\/easy-setup\/\" \/>\n<meta property=\"og:site_name\" content=\"Centralino in Cloud 2000Net\" \/>\n<meta property=\"article:publisher\" content=\"https:\/\/it-it.facebook.com\/2000netSrl\/\" \/>\n<meta property=\"article:modified_time\" content=\"2019-11-26T13:12:07+00:00\" \/>\n<meta property=\"og:image\" content=\"https:\/\/staging.centralinoincloud.it\/wp-content\/uploads\/2017\/04\/VIS-4.0-easy_3.png\" \/>\n\t<meta property=\"og:image:width\" content=\"920\" \/>\n\t<meta property=\"og:image:height\" content=\"188\" \/>\n<meta name=\"twitter:card\" content=\"summary\" \/>\n<script type=\"application\/ld+json\" class=\"yoast-schema-graph\">{\"@context\":\"https:\/\/schema.org\",\"@graph\":[{\"@type\":\"Organization\",\"@id\":\"https:\/\/staging.centralinoincloud.it\/#organization\",\"name\":\"2000NET\",\"url\":\"https:\/\/staging.centralinoincloud.it\/\",\"sameAs\":[\"https:\/\/it-it.facebook.com\/2000netSrl\/\",\"https:\/\/www.linkedin.com\/company\/2000net-s.r.l.\"],\"logo\":{\"@type\":\"ImageObject\",\"@id\":\"https:\/\/staging.centralinoincloud.it\/#logo\",\"inLanguage\":\"it-IT\",\"url\":\"https:\/\/staging.centralinoincloud.it\/wp-content\/uploads\/2017\/04\/logo-vis.png\",\"width\":220,\"height\":76,\"caption\":\"2000NET\"},\"image\":{\"@id\":\"https:\/\/staging.centralinoincloud.it\/#logo\"}},{\"@type\":\"WebSite\",\"@id\":\"https:\/\/staging.centralinoincloud.it\/#website\",\"url\":\"https:\/\/staging.centralinoincloud.it\/\",\"name\":\"Centralino in Cloud 2000Net\",\"description\":\"Centralino in Cloud 2000Net\",\"publisher\":{\"@id\":\"https:\/\/staging.centralinoincloud.it\/#organization\"},\"potentialAction\":[{\"@type\":\"SearchAction\",\"target\":\"https:\/\/staging.centralinoincloud.it\/?s={search_term_string}\",\"query-input\":\"required name=search_term_string\"}],\"inLanguage\":\"it-IT\"},{\"@type\":\"WebPage\",\"@id\":\"https:\/\/staging.centralinoincloud.it\/easy-setup\/#webpage\",\"url\":\"https:\/\/staging.centralinoincloud.it\/easy-setup\/\",\"name\":\"Easy Setup - Centralino in Cloud 2000Net\",\"isPartOf\":{\"@id\":\"https:\/\/staging.centralinoincloud.it\/#website\"},\"datePublished\":\"2017-04-05T13:47:37+00:00\",\"dateModified\":\"2019-11-26T13:12:07+00:00\",\"description\":\"Configurare un Sistema telefonico non \\u00e8 necessariamente difficile. VIS 5.4 PRO Centralino in cloud, come top Voip provider, rende il tutto pi\\u00f9 easy\",\"inLanguage\":\"it-IT\",\"potentialAction\":[{\"@type\":\"ReadAction\",\"target\":[\"https:\/\/staging.centralinoincloud.it\/easy-setup\/\"]}]}]}<\/script>\n<!-- \/ Yoast SEO Premium plugin. -->","_links":{"self":[{"href":"https:\/\/staging.centralinoincloud.it\/index.php?rest_route=\/wp\/v2\/pages\/625","targetHints":{"allow":["GET"]}}],"collection":[{"href":"https:\/\/staging.centralinoincloud.it\/index.php?rest_route=\/wp\/v2\/pages"}],"about":[{"href":"https:\/\/staging.centralinoincloud.it\/index.php?rest_route=\/wp\/v2\/types\/page"}],"author":[{"embeddable":true,"href":"https:\/\/staging.centralinoincloud.it\/index.php?rest_route=\/wp\/v2\/users\/1"}],"replies":[{"embeddable":true,"href":"https:\/\/staging.centralinoincloud.it\/index.php?rest_route=%2Fwp%2Fv2%2Fcomments&post=625"}],"version-history":[{"count":10,"href":"https:\/\/staging.centralinoincloud.it\/index.php?rest_route=\/wp\/v2\/pages\/625\/revisions"}],"predecessor-version":[{"id":1906,"href":"https:\/\/staging.centralinoincloud.it\/index.php?rest_route=\/wp\/v2\/pages\/625\/revisions\/1906"}],"wp:attachment":[{"href":"https:\/\/staging.centralinoincloud.it\/index.php?rest_route=%2Fwp%2Fv2%2Fmedia&parent=625"}],"curies":[{"name":"wp","href":"https:\/\/api.w.org\/{rel}","templated":true}]}}