{"id":586,"date":"2017-04-05T15:05:22","date_gmt":"2017-04-05T13:05:22","guid":{"rendered":"https:\/\/staging.centralinoincloud.it\/?page_id=586"},"modified":"2019-11-26T14:11:47","modified_gmt":"2019-11-26T13:11:47","slug":"number-portability","status":"publish","type":"page","link":"https:\/\/staging.centralinoincloud.it\/?page_id=586","title":{"rendered":"Number Portability"},"content":{"rendered":"<p><div class=\"fusion-fullwidth fullwidth-box fusion-builder-row-1 nonhundred-percent-fullwidth non-hundred-percent-height-scrolling\" style=\"--awb-border-radius-top-left:0px;--awb-border-radius-top-right:0px;--awb-border-radius-bottom-right:0px;--awb-border-radius-bottom-left:0px;--awb-flex-wrap:wrap;\" ><div class=\"fusion-builder-row fusion-row\"><div class=\"fusion-layout-column fusion_builder_column fusion-builder-column-0 fusion_builder_column_1_1 1_1 fusion-one-full fusion-column-first fusion-column-last\" style=\"--awb-bg-size:cover;\"><div class=\"fusion-column-wrapper fusion-flex-column-wrapper-legacy\"><div class=\"fusion-text fusion-text-1\"><h1 class=\"titolo\" style=\"text-align: center;\"><strong>Number Portability<\/strong><\/h1>\n<\/div><div class=\"fusion-builder-row fusion-builder-row-inner fusion-row\"><div class=\"fusion-layout-column fusion_builder_column_inner fusion-builder-nested-column-0 fusion_builder_column_inner_1_2 1_2 fusion-one-half fusion-column-first\" style=\"--awb-bg-size:cover;width:50%;width:calc(50% - ( ( 4% ) * 0.5 ) );margin-right: 4%;\"><div class=\"fusion-column-wrapper fusion-flex-column-wrapper-legacy\"><div class=\"fusion-text fusion-text-2\"><p>Grazie alla Number Portability, l\u2019azienda che aderisce alla piattaforma VIS, non perder\u00e0 n\u00e8 la propria numerazione telefonica n\u00e8 quella del fax.<\/p>\n<p>La procedura di portabilit\u00e0 \u00e8 affidata al personale specializzato 2000net che, oltre a svolgere tutte le operazioni burocratiche obbligatorie dell&#8217;Authority, consiglia una eventuale \u201cpulizia\u201d di numerazioni \u201cdormienti\u201d che generano costi insospettabili ed inutili.<\/p>\n<\/div><div class=\"fusion-clearfix\"><\/div><\/div><\/div><div class=\"fusion-layout-column fusion_builder_column_inner fusion-builder-nested-column-1 fusion_builder_column_inner_1_2 1_2 fusion-one-half fusion-column-last\" style=\"--awb-bg-size:cover;width:50%;width:calc(50% - ( ( 4% ) * 0.5 ) );\"><div class=\"fusion-column-wrapper fusion-flex-column-wrapper-legacy\"><div class=\"fusion-image-element fusion-image-align-right in-legacy-container\" style=\"text-align:right;--awb-caption-title-font-family:var(--h2_typography-font-family);--awb-caption-title-font-weight:var(--h2_typography-font-weight);--awb-caption-title-font-style:var(--h2_typography-font-style);--awb-caption-title-size:var(--h2_typography-font-size);--awb-caption-title-transform:var(--h2_typography-text-transform);--awb-caption-title-line-height:var(--h2_typography-line-height);--awb-caption-title-letter-spacing:var(--h2_typography-letter-spacing);\"><span class=\" fusion-imageframe imageframe-none imageframe-1 hover-type-none\" style=\"margin-left:25px;float:right;\"><img decoding=\"async\" width=\"300\" height=\"300\" alt=\"number\" title=\"Centralino in cloud-19421098-a-3d-sphere-of-numbers-to-illustrate-learning-math-or-accounting-with-a-mess-of-figures\" src=\"https:\/\/staging.centralinoincloud.it\/wp-content\/uploads\/2019\/11\/Centralinoincloud-19421098-a-3d-sphere-of-numbers-to-illustrate-learning-math-or-accounting-with-a-mess-of-figures-300x300.jpg\" class=\"img-responsive wp-image-1900\" srcset=\"https:\/\/staging.centralinoincloud.it\/wp-content\/uploads\/2019\/11\/Centralinoincloud-19421098-a-3d-sphere-of-numbers-to-illustrate-learning-math-or-accounting-with-a-mess-of-figures-200x199.jpg 200w, https:\/\/staging.centralinoincloud.it\/wp-content\/uploads\/2019\/11\/Centralinoincloud-19421098-a-3d-sphere-of-numbers-to-illustrate-learning-math-or-accounting-with-a-mess-of-figures-400x398.jpg 400w, https:\/\/staging.centralinoincloud.it\/wp-content\/uploads\/2019\/11\/Centralinoincloud-19421098-a-3d-sphere-of-numbers-to-illustrate-learning-math-or-accounting-with-a-mess-of-figures.jpg 450w\" sizes=\"(max-width: 800px) 100vw, 300px\" \/><\/span><\/div><div class=\"fusion-clearfix\"><\/div><\/div><\/div><\/div><div class=\"fusion-text fusion-text-3\"><h2 class=\"bigger\">Le numerazioni disponibili con il servizio VIS sono:<\/h2>\n<\/div><div class=\"fusion-clearfix\"><\/div><\/div><\/div><\/div><\/div><div class=\"fusion-fullwidth fullwidth-box fusion-builder-row-2 nonhundred-percent-fullwidth non-hundred-percent-height-scrolling\" style=\"--awb-border-radius-top-left:0px;--awb-border-radius-top-right:0px;--awb-border-radius-bottom-right:0px;--awb-border-radius-bottom-left:0px;--awb-flex-wrap:wrap;\" ><div class=\"fusion-builder-row fusion-row\"><div class=\"fusion-layout-column fusion_builder_column fusion-builder-column-1 fusion_builder_column_1_6 1_6 fusion-one-sixth fusion-column-first\" style=\"--awb-bg-size:cover;width:16.666666666667%;width:calc(16.666666666667% - ( ( 4% ) * 0.16666666666667 ) );margin-right: 4%;\"><div class=\"fusion-column-wrapper fusion-flex-column-wrapper-legacy\"><div class=\"fusion-image-element fusion-image-align-right in-legacy-container\" style=\"text-align:right;--awb-caption-title-font-family:var(--h2_typography-font-family);--awb-caption-title-font-weight:var(--h2_typography-font-weight);--awb-caption-title-font-style:var(--h2_typography-font-style);--awb-caption-title-size:var(--h2_typography-font-size);--awb-caption-title-transform:var(--h2_typography-text-transform);--awb-caption-title-line-height:var(--h2_typography-line-height);--awb-caption-title-letter-spacing:var(--h2_typography-letter-spacing);\"><span class=\" fusion-imageframe imageframe-none imageframe-2 hover-type-none\" style=\"margin-left:25px;float:right;\"><img decoding=\"async\" width=\"200\" height=\"200\" alt=\"Centralino in Cloud number portability\" title=\"Centralino in cloud-Phone-ita-200&#215;200\" src=\"https:\/\/staging.centralinoincloud.it\/wp-content\/uploads\/2019\/11\/Centralinoincloud-Phone-ita-200x200.png\" class=\"img-responsive wp-image-1899\" srcset=\"https:\/\/staging.centralinoincloud.it\/wp-content\/uploads\/2019\/11\/Centralinoincloud-Phone-ita-200x200-66x66.png 66w, https:\/\/staging.centralinoincloud.it\/wp-content\/uploads\/2019\/11\/Centralinoincloud-Phone-ita-200x200-150x150.png 150w, https:\/\/staging.centralinoincloud.it\/wp-content\/uploads\/2019\/11\/Centralinoincloud-Phone-ita-200x200.png 200w\" sizes=\"(max-width: 200px) 100vw, 200px\" \/><\/span><\/div><div class=\"fusion-clearfix\"><\/div><\/div><\/div><div class=\"fusion-layout-column fusion_builder_column fusion-builder-column-2 fusion_builder_column_5_6 5_6 fusion-five-sixth fusion-column-last\" style=\"--awb-bg-size:cover;width:83.333333333333%;width:calc(83.333333333333% - ( ( 4% ) * 0.83333333333333 ) );\"><div class=\"fusion-column-wrapper fusion-flex-column-wrapper-legacy\"><div class=\"fusion-text fusion-text-4\"><h4><strong>NUMERI CON PREFISSI NAZIONALI<\/strong><\/h4>\n<h5><strong>Forniamo 4 tipi differenti di numerazioni nazionali con qualsiasi prefisso:<\/strong><\/h5>\n<\/div><div class=\"fusion-text fusion-text-5\"><ul>\n<li>Numero singolo nazionale<\/li>\n<li>Numero selezione passante ad 1 cifra (10 numeri consecutivi)<\/li>\n<li>Numero selezione passante ad 2 cifre (100 numeri consecutivi)<\/li>\n<li>Numero\u00a0selezione passante ad 3 cifre (1000 numeri consecutivi)<\/li>\n<\/ul>\n<\/div><div class=\"fusion-clearfix\"><\/div><\/div><\/div><\/div><\/div><div class=\"fusion-fullwidth fullwidth-box fusion-builder-row-3 nonhundred-percent-fullwidth non-hundred-percent-height-scrolling\" style=\"--awb-border-radius-top-left:0px;--awb-border-radius-top-right:0px;--awb-border-radius-bottom-right:0px;--awb-border-radius-bottom-left:0px;--awb-flex-wrap:wrap;\" ><div class=\"fusion-builder-row fusion-row\"><div class=\"fusion-layout-column fusion_builder_column fusion-builder-column-3 fusion_builder_column_1_6 1_6 fusion-one-sixth fusion-column-first\" style=\"--awb-bg-size:cover;width:16.666666666667%;width:calc(16.666666666667% - ( ( 4% ) * 0.16666666666667 ) );margin-right: 4%;\"><div class=\"fusion-column-wrapper fusion-flex-column-wrapper-legacy\"><div class=\"fusion-image-element fusion-image-align-right in-legacy-container\" style=\"text-align:right;--awb-caption-title-font-family:var(--h2_typography-font-family);--awb-caption-title-font-weight:var(--h2_typography-font-weight);--awb-caption-title-font-style:var(--h2_typography-font-style);--awb-caption-title-size:var(--h2_typography-font-size);--awb-caption-title-transform:var(--h2_typography-text-transform);--awb-caption-title-line-height:var(--h2_typography-line-height);--awb-caption-title-letter-spacing:var(--h2_typography-letter-spacing);\"><span class=\" fusion-imageframe imageframe-none imageframe-3 hover-type-none\" style=\"margin-left:25px;float:right;\"><img decoding=\"async\" width=\"200\" height=\"200\" alt=\"Centralino in Cloud portabilit\u00e0 del numero\" title=\"Centralino in cloud-Phone-Green-200&#215;200\" src=\"https:\/\/staging.centralinoincloud.it\/wp-content\/uploads\/2019\/11\/Centralinoincloud-Phone-Green-200x200.png\" class=\"img-responsive wp-image-1898\" srcset=\"https:\/\/staging.centralinoincloud.it\/wp-content\/uploads\/2019\/11\/Centralinoincloud-Phone-Green-200x200-66x66.png 66w, https:\/\/staging.centralinoincloud.it\/wp-content\/uploads\/2019\/11\/Centralinoincloud-Phone-Green-200x200-150x150.png 150w, https:\/\/staging.centralinoincloud.it\/wp-content\/uploads\/2019\/11\/Centralinoincloud-Phone-Green-200x200.png 200w\" sizes=\"(max-width: 200px) 100vw, 200px\" \/><\/span><\/div><div class=\"fusion-clearfix\"><\/div><\/div><\/div><div class=\"fusion-layout-column fusion_builder_column fusion-builder-column-4 fusion_builder_column_5_6 5_6 fusion-five-sixth fusion-column-last\" style=\"--awb-bg-size:cover;width:83.333333333333%;width:calc(83.333333333333% - ( ( 4% ) * 0.83333333333333 ) );\"><div class=\"fusion-column-wrapper fusion-flex-column-wrapper-legacy\"><div class=\"fusion-text fusion-text-6\"><h4><strong>NUMERO VERDE \u00a0800<\/strong><\/h4>\n<h5><strong>Costo della telefonata a carico dell\u2019azienda intestataria.<\/strong><\/h5>\n<\/div><div class=\"fusion-text fusion-text-7\"><p>I Numeri Verdi 800 permettono alle aziende di gestire al meglio le relazioni con i propri clienti acquisiti e potenziali, sollevandoli completamente da qualsiasi costo di chiamata. Consentono di offrire gratuitamente all\u2019utente finale sia assistenza telefonica, sia informazioni sui prodotti che danno accesso a servizi di valore aggiunto.<\/p>\n<\/div><div class=\"fusion-clearfix\"><\/div><\/div><\/div><\/div><\/div><div class=\"fusion-fullwidth fullwidth-box fusion-builder-row-4 nonhundred-percent-fullwidth non-hundred-percent-height-scrolling\" style=\"--awb-border-radius-top-left:0px;--awb-border-radius-top-right:0px;--awb-border-radius-bottom-right:0px;--awb-border-radius-bottom-left:0px;--awb-flex-wrap:wrap;\" ><div class=\"fusion-builder-row fusion-row\"><div class=\"fusion-layout-column fusion_builder_column fusion-builder-column-5 fusion_builder_column_1_6 1_6 fusion-one-sixth fusion-column-first\" style=\"--awb-bg-size:cover;width:16.666666666667%;width:calc(16.666666666667% - ( ( 4% ) * 0.16666666666667 ) );margin-right: 4%;\"><div class=\"fusion-column-wrapper fusion-flex-column-wrapper-legacy\"><div class=\"fusion-image-element fusion-image-align-right in-legacy-container\" style=\"text-align:right;--awb-caption-title-font-family:var(--h2_typography-font-family);--awb-caption-title-font-weight:var(--h2_typography-font-weight);--awb-caption-title-font-style:var(--h2_typography-font-style);--awb-caption-title-size:var(--h2_typography-font-size);--awb-caption-title-transform:var(--h2_typography-text-transform);--awb-caption-title-line-height:var(--h2_typography-line-height);--awb-caption-title-letter-spacing:var(--h2_typography-letter-spacing);\"><span class=\" fusion-imageframe imageframe-none imageframe-4 hover-type-none\" style=\"margin-left:25px;float:right;\"><img decoding=\"async\" width=\"200\" height=\"200\" alt=\"Centralino in Cloud portabilit\u00e0 del numero\" title=\"Centralino in cloud-Phone-blue-200&#215;200\" src=\"https:\/\/staging.centralinoincloud.it\/wp-content\/uploads\/2019\/11\/Centralinoincloud-Phone-blue-200x200.png\" class=\"img-responsive wp-image-1897\" srcset=\"https:\/\/staging.centralinoincloud.it\/wp-content\/uploads\/2019\/11\/Centralinoincloud-Phone-blue-200x200-66x66.png 66w, https:\/\/staging.centralinoincloud.it\/wp-content\/uploads\/2019\/11\/Centralinoincloud-Phone-blue-200x200-150x150.png 150w, https:\/\/staging.centralinoincloud.it\/wp-content\/uploads\/2019\/11\/Centralinoincloud-Phone-blue-200x200.png 200w\" sizes=\"(max-width: 200px) 100vw, 200px\" \/><\/span><\/div><div class=\"fusion-clearfix\"><\/div><\/div><\/div><div class=\"fusion-layout-column fusion_builder_column fusion-builder-column-6 fusion_builder_column_5_6 5_6 fusion-five-sixth fusion-column-last\" style=\"--awb-bg-size:cover;width:83.333333333333%;width:calc(83.333333333333% - ( ( 4% ) * 0.83333333333333 ) );\"><div class=\"fusion-column-wrapper fusion-flex-column-wrapper-legacy\"><div class=\"fusion-text fusion-text-8\"><h4><strong>NUMERO RIPARTITO 840 \u00a0848<\/strong><\/h4>\n<h5><strong>Costo suddiviso tra chiamante e chiamato, con riduzione dei costi a carico dell\u2019azienda.<\/strong><\/h5>\n<\/div><div class=\"fusion-text fusion-text-9\"><p>Con il numero ripartito<strong> 840<\/strong>, il chiamante paga sempre una quota fissa alla risposta, indipendentemente dalla durata della telefonata.\u00a0Con il numero ripartito <strong>848<\/strong>, invece, il chiamante paga una quota variabile in funzione della durata, pari al costo di una telefonata urbana. La parte restante della chiamata rimane a carico del chiamato.<\/p>\n<\/div><div class=\"fusion-clearfix\"><\/div><\/div><\/div><\/div><\/div><div class=\"fusion-fullwidth fullwidth-box fusion-builder-row-5 nonhundred-percent-fullwidth non-hundred-percent-height-scrolling\" style=\"--awb-border-radius-top-left:0px;--awb-border-radius-top-right:0px;--awb-border-radius-bottom-right:0px;--awb-border-radius-bottom-left:0px;--awb-flex-wrap:wrap;\" ><div class=\"fusion-builder-row fusion-row\"><div class=\"fusion-layout-column fusion_builder_column fusion-builder-column-7 fusion_builder_column_1_6 1_6 fusion-one-sixth fusion-column-first\" style=\"--awb-bg-size:cover;width:16.666666666667%;width:calc(16.666666666667% - ( ( 4% ) * 0.16666666666667 ) );margin-right: 4%;\"><div class=\"fusion-column-wrapper fusion-flex-column-wrapper-legacy\"><div class=\"fusion-image-element fusion-image-align-right in-legacy-container\" style=\"text-align:right;--awb-caption-title-font-family:var(--h2_typography-font-family);--awb-caption-title-font-weight:var(--h2_typography-font-weight);--awb-caption-title-font-style:var(--h2_typography-font-style);--awb-caption-title-size:var(--h2_typography-font-size);--awb-caption-title-transform:var(--h2_typography-text-transform);--awb-caption-title-line-height:var(--h2_typography-line-height);--awb-caption-title-letter-spacing:var(--h2_typography-letter-spacing);\"><span class=\" fusion-imageframe imageframe-none imageframe-5 hover-type-none\" style=\"margin-left:25px;float:right;\"><img decoding=\"async\" width=\"200\" height=\"200\" alt=\"Centralino in Cloud number portability\" title=\"Centralino in cloud-Phone-red-200&#215;200\" src=\"https:\/\/staging.centralinoincloud.it\/wp-content\/uploads\/2019\/11\/Centralinoincloud-Phone-red-200x200.png\" class=\"img-responsive wp-image-1896\" srcset=\"https:\/\/staging.centralinoincloud.it\/wp-content\/uploads\/2019\/11\/Centralinoincloud-Phone-red-200x200-66x66.png 66w, https:\/\/staging.centralinoincloud.it\/wp-content\/uploads\/2019\/11\/Centralinoincloud-Phone-red-200x200-150x150.png 150w, https:\/\/staging.centralinoincloud.it\/wp-content\/uploads\/2019\/11\/Centralinoincloud-Phone-red-200x200.png 200w\" sizes=\"(max-width: 200px) 100vw, 200px\" \/><\/span><\/div><div class=\"fusion-clearfix\"><\/div><\/div><\/div><div class=\"fusion-layout-column fusion_builder_column fusion-builder-column-8 fusion_builder_column_5_6 5_6 fusion-five-sixth fusion-column-last\" style=\"--awb-bg-size:cover;width:83.333333333333%;width:calc(83.333333333333% - ( ( 4% ) * 0.83333333333333 ) );\"><div class=\"fusion-column-wrapper fusion-flex-column-wrapper-legacy\"><div class=\"fusion-text fusion-text-10\"><h4><strong>NUMERO UNICO 199<\/strong><\/h4>\n<h5><strong>Costo\u00a0della chiamata a carico del chiamante.<\/strong><\/h5>\n<\/div><div class=\"fusion-text fusion-text-11\"><p>Il costo della chiamata<strong> sar\u00e0 a carico del chiamante<\/strong>, con bonus per l\u2019azienda intestataria per i volumi di traffico telefonico ricevuti.\u00a0Il numero unico 199 \u00e8 un servizio di telefonia nazionale che consente ad un\u2019azienda di ricevere chiamate attraverso un unico punto di contatto, con l\u2019addebito del costo interamente al chiamante.\u00a0Le funzionalit\u00e0 della rete di <strong>VIS<\/strong> consentono poi di instradare le chiamate su uno o pi\u00f9 numeri geografici.<\/p>\n<\/div><div class=\"fusion-clearfix\"><\/div><\/div><\/div><\/div><\/div><div class=\"fusion-fullwidth fullwidth-box fusion-builder-row-6 nonhundred-percent-fullwidth non-hundred-percent-height-scrolling\" style=\"--awb-border-radius-top-left:0px;--awb-border-radius-top-right:0px;--awb-border-radius-bottom-right:0px;--awb-border-radius-bottom-left:0px;--awb-flex-wrap:wrap;\" ><div class=\"fusion-builder-row fusion-row\"><div class=\"fusion-layout-column fusion_builder_column fusion-builder-column-9 fusion_builder_column_1_6 1_6 fusion-one-sixth fusion-column-first\" style=\"--awb-bg-size:cover;width:16.666666666667%;width:calc(16.666666666667% - ( ( 4% ) * 0.16666666666667 ) );margin-right: 4%;\"><div class=\"fusion-column-wrapper fusion-flex-column-wrapper-legacy\"><div class=\"fusion-image-element fusion-image-align-right in-legacy-container\" style=\"text-align:right;--awb-caption-title-font-family:var(--h2_typography-font-family);--awb-caption-title-font-weight:var(--h2_typography-font-weight);--awb-caption-title-font-style:var(--h2_typography-font-style);--awb-caption-title-size:var(--h2_typography-font-size);--awb-caption-title-transform:var(--h2_typography-text-transform);--awb-caption-title-line-height:var(--h2_typography-line-height);--awb-caption-title-letter-spacing:var(--h2_typography-letter-spacing);\"><span class=\" fusion-imageframe imageframe-none imageframe-6 hover-type-none\" style=\"margin-left:25px;float:right;\"><img decoding=\"async\" width=\"200\" height=\"200\" alt=\"Centralino in Cloud portabilit\u00e0 del numero\" title=\"Centralino in cloud-Phone-golden-200&#215;200\" src=\"https:\/\/staging.centralinoincloud.it\/wp-content\/uploads\/2019\/11\/Centralinoincloud-Phone-golden-200x200.png\" class=\"img-responsive wp-image-1895\" srcset=\"https:\/\/staging.centralinoincloud.it\/wp-content\/uploads\/2019\/11\/Centralinoincloud-Phone-golden-200x200-66x66.png 66w, https:\/\/staging.centralinoincloud.it\/wp-content\/uploads\/2019\/11\/Centralinoincloud-Phone-golden-200x200-150x150.png 150w, https:\/\/staging.centralinoincloud.it\/wp-content\/uploads\/2019\/11\/Centralinoincloud-Phone-golden-200x200.png 200w\" sizes=\"(max-width: 200px) 100vw, 200px\" \/><\/span><\/div><div class=\"fusion-clearfix\"><\/div><\/div><\/div><div class=\"fusion-layout-column fusion_builder_column fusion-builder-column-10 fusion_builder_column_5_6 5_6 fusion-five-sixth fusion-column-last\" style=\"--awb-bg-size:cover;width:83.333333333333%;width:calc(83.333333333333% - ( ( 4% ) * 0.83333333333333 ) );\"><div class=\"fusion-column-wrapper fusion-flex-column-wrapper-legacy\"><div class=\"fusion-text fusion-text-12\"><h4><strong>NUMERO PREMIUM\u00a0894 \u2013 895 \u2013 899<\/strong><\/h4>\n<h5><strong>Costo della chiamata addebitato al chiamante direttamente in bolletta telefonica, con riconoscimento all\u2019azienda di una parte di tale costo.<\/strong><\/h5>\n<\/div><div class=\"fusion-text fusion-text-13\"><p>Le numerazioni premium <strong>895\/899<\/strong> permettono di offrire ai clienti un servizio di assistenza di alta qualit\u00e0, rientrando sull\u2019investimento nella struttura di customer care, grazie alle modalit\u00e0 di tariffazione consentite dalla soluzione, inclusa la flat. Le numerazioni premium 894, i cosiddetti numeri per chiamate di massa, permettono invece di offrire servizi ad alto valore aggiunto quali, per esempio, il televoto.<\/p>\n<\/div><div class=\"fusion-clearfix\"><\/div><\/div><\/div><\/div><\/div><\/p>\n","protected":false},"excerpt":{"rendered":"","protected":false},"author":1,"featured_media":0,"parent":0,"menu_order":0,"comment_status":"closed","ping_status":"closed","template":"","meta":{"footnotes":""},"class_list":["post-586","page","type-page","status-publish","hentry"],"yoast_head":"<!-- This site is optimized with the Yoast SEO Premium plugin v14.9 - https:\/\/yoast.com\/wordpress\/plugins\/seo\/ -->\n<title>Number Portability - Centralino in Cloud 2000Net<\/title>\n<meta name=\"description\" content=\"Grazie alla Number Portability, l\u2019azienda che aderisce alla piattaforma VIS, non perder\u00e0 n\u00e8 la propria numerazione telefonica n\u00e8 quella del fax.\" \/>\n<meta name=\"robots\" content=\"index, follow, max-snippet:-1, max-image-preview:large, max-video-preview:-1\" \/>\n<link rel=\"canonical\" href=\"https:\/\/staging.centralinoincloud.it\/number-portability\/\" \/>\n<meta property=\"og:locale\" content=\"it_IT\" \/>\n<meta property=\"og:type\" content=\"article\" \/>\n<meta property=\"og:title\" content=\"Number Portability - VIS Voip Innovation Solution\" \/>\n<meta property=\"og:description\" content=\"Grazie alla Number Portability, l\u2019azienda che aderisce alla piattaforma VIS, non perder\u00e0 n\u00e8 la propria numerazione telefonica n\u00e8 quella del fax.\" \/>\n<meta property=\"og:url\" content=\"https:\/\/staging.centralinoincloud.it\/number-portability\/\" \/>\n<meta property=\"og:site_name\" content=\"Centralino in Cloud 2000Net\" \/>\n<meta property=\"article:publisher\" content=\"https:\/\/it-it.facebook.com\/2000netSrl\/\" \/>\n<meta property=\"article:modified_time\" content=\"2019-11-26T13:11:47+00:00\" \/>\n<meta name=\"twitter:card\" content=\"summary\" \/>\n<script type=\"application\/ld+json\" class=\"yoast-schema-graph\">{\"@context\":\"https:\/\/schema.org\",\"@graph\":[{\"@type\":\"Organization\",\"@id\":\"https:\/\/staging.centralinoincloud.it\/#organization\",\"name\":\"2000NET\",\"url\":\"https:\/\/staging.centralinoincloud.it\/\",\"sameAs\":[\"https:\/\/it-it.facebook.com\/2000netSrl\/\",\"https:\/\/www.linkedin.com\/company\/2000net-s.r.l.\"],\"logo\":{\"@type\":\"ImageObject\",\"@id\":\"https:\/\/staging.centralinoincloud.it\/#logo\",\"inLanguage\":\"it-IT\",\"url\":\"https:\/\/staging.centralinoincloud.it\/wp-content\/uploads\/2017\/04\/logo-vis.png\",\"width\":220,\"height\":76,\"caption\":\"2000NET\"},\"image\":{\"@id\":\"https:\/\/staging.centralinoincloud.it\/#logo\"}},{\"@type\":\"WebSite\",\"@id\":\"https:\/\/staging.centralinoincloud.it\/#website\",\"url\":\"https:\/\/staging.centralinoincloud.it\/\",\"name\":\"Centralino in Cloud 2000Net\",\"description\":\"Centralino in Cloud 2000Net\",\"publisher\":{\"@id\":\"https:\/\/staging.centralinoincloud.it\/#organization\"},\"potentialAction\":[{\"@type\":\"SearchAction\",\"target\":\"https:\/\/staging.centralinoincloud.it\/?s={search_term_string}\",\"query-input\":\"required name=search_term_string\"}],\"inLanguage\":\"it-IT\"},{\"@type\":\"WebPage\",\"@id\":\"https:\/\/staging.centralinoincloud.it\/number-portability\/#webpage\",\"url\":\"https:\/\/staging.centralinoincloud.it\/number-portability\/\",\"name\":\"Number Portability - Centralino in Cloud 2000Net\",\"isPartOf\":{\"@id\":\"https:\/\/staging.centralinoincloud.it\/#website\"},\"datePublished\":\"2017-04-05T13:05:22+00:00\",\"dateModified\":\"2019-11-26T13:11:47+00:00\",\"description\":\"Grazie alla Number Portability, l\\u2019azienda che aderisce alla piattaforma VIS, non perder\\u00e0 n\\u00e8 la propria numerazione telefonica n\\u00e8 quella del fax.\",\"inLanguage\":\"it-IT\",\"potentialAction\":[{\"@type\":\"ReadAction\",\"target\":[\"https:\/\/staging.centralinoincloud.it\/number-portability\/\"]}]}]}<\/script>\n<!-- \/ Yoast SEO Premium plugin. -->","_links":{"self":[{"href":"https:\/\/staging.centralinoincloud.it\/index.php?rest_route=\/wp\/v2\/pages\/586","targetHints":{"allow":["GET"]}}],"collection":[{"href":"https:\/\/staging.centralinoincloud.it\/index.php?rest_route=\/wp\/v2\/pages"}],"about":[{"href":"https:\/\/staging.centralinoincloud.it\/index.php?rest_route=\/wp\/v2\/types\/page"}],"author":[{"embeddable":true,"href":"https:\/\/staging.centralinoincloud.it\/index.php?rest_route=\/wp\/v2\/users\/1"}],"replies":[{"embeddable":true,"href":"https:\/\/staging.centralinoincloud.it\/index.php?rest_route=%2Fwp%2Fv2%2Fcomments&post=586"}],"version-history":[{"count":32,"href":"https:\/\/staging.centralinoincloud.it\/index.php?rest_route=\/wp\/v2\/pages\/586\/revisions"}],"predecessor-version":[{"id":1902,"href":"https:\/\/staging.centralinoincloud.it\/index.php?rest_route=\/wp\/v2\/pages\/586\/revisions\/1902"}],"wp:attachment":[{"href":"https:\/\/staging.centralinoincloud.it\/index.php?rest_route=%2Fwp%2Fv2%2Fmedia&parent=586"}],"curies":[{"name":"wp","href":"https:\/\/api.w.org\/{rel}","templated":true}]}}